{"id":84458,"date":"2021-12-17T03:18:32","date_gmt":"2021-12-17T03:18:32","guid":{"rendered":"https:\/\/www.shimifrez.com\/?page_id=84458"},"modified":"2021-12-17T03:18:32","modified_gmt":"2021-12-17T03:18:32","slug":"faqs","status":"publish","type":"page","link":"https:\/\/www.shimifrez.com\/fr\/services\/faqs","title":{"rendered":"FAQ&rsquo;s"},"content":{"rendered":"[vc_row type=\u00a0\u00bbfull_width_background\u00a0\u00bb full_screen_row_position=\u00a0\u00bbmiddle\u00a0\u00bb column_margin=\u00a0\u00bbdefault\u00a0\u00bb column_direction=\u00a0\u00bbdefault\u00a0\u00bb column_direction_tablet=\u00a0\u00bbdefault\u00a0\u00bb column_direction_phone=\u00a0\u00bbdefault\u00a0\u00bb bg_color=\u00a0\u00bb#ffffff\u00a0\u00bb scene_position=\u00a0\u00bbcenter\u00a0\u00bb top_padding=\u00a0\u00bb100&Prime; bottom_padding=\u00a0\u00bb100&Prime; text_color=\u00a0\u00bbdark\u00a0\u00bb text_align=\u00a0\u00bbleft\u00a0\u00bb row_border_radius=\u00a0\u00bbnone\u00a0\u00bb row_border_radius_applies=\u00a0\u00bbbg\u00a0\u00bb overlay_strength=\u00a0\u00bb0.3&Prime; gradient_direction=\u00a0\u00bbleft_to_right\u00a0\u00bb shape_divider_position=\u00a0\u00bbbottom\u00a0\u00bb bg_image_animation=\u00a0\u00bbnone\u00a0\u00bb shape_type=\u00a0\u00bb\u00a0\u00bb][vc_column column_padding=\u00a0\u00bbno-extra-padding\u00a0\u00bb column_padding_tablet=\u00a0\u00bbinherit\u00a0\u00bb column_padding_phone=\u00a0\u00bbinherit\u00a0\u00bb column_padding_position=\u00a0\u00bball\u00a0\u00bb column_element_spacing=\u00a0\u00bbdefault\u00a0\u00bb background_color_opacity=\u00a0\u00bb1&Prime; background_hover_color_opacity=\u00a0\u00bb1&Prime; column_shadow=\u00a0\u00bbnone\u00a0\u00bb column_border_radius=\u00a0\u00bbnone\u00a0\u00bb column_link_target=\u00a0\u00bb_self\u00a0\u00bb gradient_direction=\u00a0\u00bbleft_to_right\u00a0\u00bb overlay_strength=\u00a0\u00bb0.3&Prime; width=\u00a0\u00bb1\/1&Prime; tablet_width_inherit=\u00a0\u00bbdefault\u00a0\u00bb tablet_text_alignment=\u00a0\u00bbdefault\u00a0\u00bb phone_text_alignment=\u00a0\u00bbdefault\u00a0\u00bb bg_image_animation=\u00a0\u00bbnone\u00a0\u00bb border_type=\u00a0\u00bbsimple\u00a0\u00bb column_border_width=\u00a0\u00bbnone\u00a0\u00bb column_border_style=\u00a0\u00bbsolid\u00a0\u00bb][vc_custom_heading text=\u00a0\u00bbGravure photochimique et microfabrication.\u00a0\u00bb font_container=\u00a0\u00bbtag:h5|text_align:left|color:%23b20000&Prime; use_theme_fonts=\u00a0\u00bbyes\u00a0\u00bb][split_line_heading animation_type=\u00a0\u00bbline-reveal-by-space\u00a0\u00bb font_style=\u00a0\u00bbh1&Prime; content_alignment=\u00a0\u00bbdefault\u00a0\u00bb mobile_content_alignment=\u00a0\u00bbinherit\u00a0\u00bb text_content=\u00a0\u00bbQuestions fr\u00e9quemment pos\u00e9es :\u00a0\u00bb font_size=\u00a0\u00bb40&Prime;]Request a quote today![\/split_line_heading][divider line_type=\u00a0\u00bbNo Line\u00a0\u00bb custom_height=\u00a0\u00bb40&Prime;][toggles style=\u00a0\u00bbminimal\u00a0\u00bb accordion=\u00a0\u00bbtrue\u00a0\u00bb accordion_starting_functionality=\u00a0\u00bbdefault\u00a0\u00bb][toggle color=\u00a0\u00bbDefault\u00a0\u00bb title=\u00a0\u00bbQuels sont les avantages du proc\u00e9d\u00e9 de gravure chimique ?\u00a0\u00bb][vc_column_text]Outillage \u00e0 faible co\u00fbt, d\u00e9lai d&rsquo;ex\u00e9cution rapide et flexibilit\u00e9 dans la conception. Cliquez ici pour en savoir plus sur ce proc\u00e9d\u00e9.[\/vc_column_text][\/toggle][toggle color=\u00a0\u00bbDefault\u00a0\u00bb title=\u00a0\u00bbQuelle est la quantit\u00e9 minimale\/maximale que nous pouvons graver ?\u00a0\u00bb][vc_column_text]De 1 pi\u00e8ce \u00e0 1 million de pi\u00e8ces.[\/vc_column_text][\/toggle][toggle color=\u00a0\u00bbDefault\u00a0\u00bb title=\u00a0\u00bbDans quel d\u00e9lai les pi\u00e8ces peuvent-elles \u00eatre livr\u00e9es ?\u00a0\u00bb][vc_column_text]En fonction du carnet de commandes, les prototypes peuvent \u00eatre livr\u00e9s dans les 72 heures.[\/vc_column_text][\/toggle][toggle color=\u00a0\u00bbDefault\u00a0\u00bb title=\u00a0\u00bbQuel est le co\u00fbt minimum d&rsquo;une commande ?\u00a0\u00bb][vc_column_text]Le co\u00fbt de notre commande minimale peut d\u00e9pendre du type de m\u00e9tal, de son \u00e9paisseur, des options d&#8217;emballage secondaire ou de toute autre demande de votre part.[\/vc_column_text][\/toggle][toggle color=\u00a0\u00bbDefault\u00a0\u00bb title=\u00a0\u00bbLe proc\u00e9d\u00e9 de photogravure chimique est-il exempt de bavures ?\u00a0\u00bb][vc_column_text]Oui, techniquement. Aucune bavure n&rsquo;est cr\u00e9\u00e9e lors de la fabrication de la pi\u00e8ce.[\/vc_column_text][\/toggle][toggle color=\u00a0\u00bbDefault\u00a0\u00bb title=\u00a0\u00bbQuels sont les produits chimiques utilis\u00e9s pour la photogravure ?\u00a0\u00bb][vc_column_text]En g\u00e9n\u00e9ral, on utilise du chlorure ferrique, mais diff\u00e9rents produits chimiques sont utilis\u00e9s en fonction du mat\u00e9riau.[\/vc_column_text][\/toggle][toggle color=\u00a0\u00bbDefault\u00a0\u00bb title=\u00a0\u00bbCombien de temps faut-il pour fabriquer des pi\u00e8ces ?\u00a0\u00bb][vc_column_text]Le d\u00e9lai standard est de deux semaines. Nous proposons \u00e9galement des services de fabrication de qualit\u00e9 sup\u00e9rieure en 5 jours, 3 jours et le jour m\u00eame.[\/vc_column_text][\/toggle][toggle color=\u00a0\u00bbDefault\u00a0\u00bb title=\u00a0\u00bbQuels types d&#8217;emballages proposons-nous ?\u00a0\u00bb][vc_column_text]Des emballages en vrac, des tubes, embo\u00eet\u00e9 dans des nappes de mousse ou des plateaux \u00ab\u00a0prendre et placer\u00a0\u00bb.[\/vc_column_text][\/toggle][toggle color=\u00a0\u00bbDefault\u00a0\u00bb title=\u00a0\u00bbLa photogravure modifie-t-elle les propri\u00e9t\u00e9s du m\u00e9tal ?\u00a0\u00bb][vc_column_text]Non. Contrairement \u00e0 l&rsquo;usinage traditionnel (comme l&rsquo;estampage ou la d\u00e9coupe au laser), il n&rsquo;y a pas de stress ou de chaleur extr\u00eame appliqu\u00e9e au m\u00e9tal qui pourraient potentiellement affecter les propri\u00e9t\u00e9s du m\u00e9tal.[\/vc_column_text][\/toggle][toggle color=\u00a0\u00bbDefault\u00a0\u00bb title=\u00a0\u00bbQuels types de pi\u00e8ces peut-on produire ?\u00a0\u00bb][vc_column_text]Les produits couramment fabriqu\u00e9s par gravure photochimique comprennent les boucliers IRF\/IEM, les disques de codage, les mailles et grilles m\u00e9talliques, les disques de cardan, les mires, les ressorts plats, les t\u00eates de buses, etc.[\/vc_column_text][\/toggle][toggle color=\u00a0\u00bbDefault\u00a0\u00bb title=\u00a0\u00bbQuels types de fichiers acceptons-nous ?\u00a0\u00bb][vc_column_text]DXF et DWG sont les formats pr\u00e9f\u00e9r\u00e9s pour les dessins.[\/vc_column_text][\/toggle][\/toggles][\/vc_column][\/vc_row][vc_row type=\u00a0\u00bbin_container\u00a0\u00bb full_screen_row_position=\u00a0\u00bbmiddle\u00a0\u00bb column_margin=\u00a0\u00bbdefault\u00a0\u00bb column_direction=\u00a0\u00bbdefault\u00a0\u00bb column_direction_tablet=\u00a0\u00bbdefault\u00a0\u00bb column_direction_phone=\u00a0\u00bbdefault\u00a0\u00bb scene_position=\u00a0\u00bbcenter\u00a0\u00bb text_color=\u00a0\u00bbdark\u00a0\u00bb text_align=\u00a0\u00bbleft\u00a0\u00bb row_border_radius=\u00a0\u00bbnone\u00a0\u00bb row_border_radius_applies=\u00a0\u00bbbg\u00a0\u00bb overlay_strength=\u00a0\u00bb0.3&Prime; gradient_direction=\u00a0\u00bbleft_to_right\u00a0\u00bb shape_divider_position=\u00a0\u00bbbottom\u00a0\u00bb bg_image_animation=\u00a0\u00bbnone\u00a0\u00bb][vc_column column_padding=\u00a0\u00bbno-extra-padding\u00a0\u00bb column_padding_tablet=\u00a0\u00bbinherit\u00a0\u00bb column_padding_phone=\u00a0\u00bbinherit\u00a0\u00bb column_padding_position=\u00a0\u00bball\u00a0\u00bb column_element_spacing=\u00a0\u00bbdefault\u00a0\u00bb background_color_opacity=\u00a0\u00bb1&Prime; background_hover_color_opacity=\u00a0\u00bb1&Prime; column_shadow=\u00a0\u00bbnone\u00a0\u00bb column_border_radius=\u00a0\u00bbnone\u00a0\u00bb column_link_target=\u00a0\u00bb_self\u00a0\u00bb gradient_direction=\u00a0\u00bbleft_to_right\u00a0\u00bb overlay_strength=\u00a0\u00bb0.3&Prime; width=\u00a0\u00bb1\/1&Prime; tablet_width_inherit=\u00a0\u00bbdefault\u00a0\u00bb tablet_text_alignment=\u00a0\u00bbdefault\u00a0\u00bb phone_text_alignment=\u00a0\u00bbdefault\u00a0\u00bb bg_image_animation=\u00a0\u00bbnone\u00a0\u00bb border_type=\u00a0\u00bbsimple\u00a0\u00bb column_border_width=\u00a0\u00bbnone\u00a0\u00bb column_border_style=\u00a0\u00bbsolid\u00a0\u00bb][nectar_global_section id=\u00a0\u00bb84331&Prime;][\/vc_column][\/vc_row][vc_row type=\u00a0\u00bbin_container\u00a0\u00bb full_screen_row_position=\u00a0\u00bbmiddle\u00a0\u00bb column_margin=\u00a0\u00bbdefault\u00a0\u00bb column_direction=\u00a0\u00bbdefault\u00a0\u00bb column_direction_tablet=\u00a0\u00bbdefault\u00a0\u00bb column_direction_phone=\u00a0\u00bbdefault\u00a0\u00bb scene_position=\u00a0\u00bbcenter\u00a0\u00bb text_color=\u00a0\u00bbdark\u00a0\u00bb text_align=\u00a0\u00bbleft\u00a0\u00bb row_border_radius=\u00a0\u00bbnone\u00a0\u00bb row_border_radius_applies=\u00a0\u00bbbg\u00a0\u00bb overlay_strength=\u00a0\u00bb0.3&Prime; gradient_direction=\u00a0\u00bbleft_to_right\u00a0\u00bb shape_divider_position=\u00a0\u00bbbottom\u00a0\u00bb bg_image_animation=\u00a0\u00bbnone\u00a0\u00bb][vc_column column_padding=\u00a0\u00bbno-extra-padding\u00a0\u00bb column_padding_tablet=\u00a0\u00bbinherit\u00a0\u00bb column_padding_phone=\u00a0\u00bbinherit\u00a0\u00bb column_padding_position=\u00a0\u00bball\u00a0\u00bb column_element_spacing=\u00a0\u00bbdefault\u00a0\u00bb background_color_opacity=\u00a0\u00bb1&Prime; background_hover_color_opacity=\u00a0\u00bb1&Prime; column_shadow=\u00a0\u00bbnone\u00a0\u00bb column_border_radius=\u00a0\u00bbnone\u00a0\u00bb column_link_target=\u00a0\u00bb_self\u00a0\u00bb gradient_direction=\u00a0\u00bbleft_to_right\u00a0\u00bb overlay_strength=\u00a0\u00bb0.3&Prime; width=\u00a0\u00bb1\/1&Prime; tablet_width_inherit=\u00a0\u00bbdefault\u00a0\u00bb tablet_text_alignment=\u00a0\u00bbdefault\u00a0\u00bb phone_text_alignment=\u00a0\u00bbdefault\u00a0\u00bb bg_image_animation=\u00a0\u00bbnone\u00a0\u00bb border_type=\u00a0\u00bbsimple\u00a0\u00bb column_border_width=\u00a0\u00bbnone\u00a0\u00bb column_border_style=\u00a0\u00bbsolid\u00a0\u00bb][nectar_global_section id=\u00a0\u00bb84333&Prime;][\/vc_column][\/vc_row]\n","protected":false},"excerpt":{"rendered":"<p>[vc_row type=\u00a0\u00bbfull_width_background\u00a0\u00bb full_screen_row_position=\u00a0\u00bbmiddle\u00a0\u00bb column_margin=\u00a0\u00bbdefault\u00a0\u00bb column_direction=\u00a0\u00bbdefault\u00a0\u00bb column_direction_tablet=\u00a0\u00bbdefault\u00a0\u00bb column_direction_phone=\u00a0\u00bbdefault\u00a0\u00bb bg_color=\u00a0\u00bb#ffffff\u00a0\u00bb scene_position=\u00a0\u00bbcenter\u00a0\u00bb top_padding=\u00a0\u00bb100&Prime; bottom_padding=\u00a0\u00bb100&Prime; text_color=\u00a0\u00bbdark\u00a0\u00bb text_align=\u00a0\u00bbleft\u00a0\u00bb row_border_radius=\u00a0\u00bbnone\u00a0\u00bb row_border_radius_applies=\u00a0\u00bbbg\u00a0\u00bb&#8230;<\/p>\n","protected":false},"author":1,"featured_media":0,"parent":84342,"menu_order":0,"comment_status":"closed","ping_status":"closed","template":"","meta":{"_acf_changed":false,"inline_featured_image":false,"footnotes":""},"class_list":["post-84458","page","type-page","status-publish"],"acf":[],"yoast_head":"<!-- This site is optimized with the Yoast SEO Premium plugin v25.5 (Yoast SEO v25.6) - https:\/\/yoast.com\/wordpress\/plugins\/seo\/ -->\n<title>FAQ&#039;s - Shimifrez<\/title>\n<meta name=\"robots\" content=\"index, follow, max-snippet:-1, max-image-preview:large, max-video-preview:-1\" \/>\n<link rel=\"canonical\" href=\"https:\/\/www.shimifrez.com\/fr\/services\/faqs\" \/>\n<meta property=\"og:locale\" content=\"fr_FR\" \/>\n<meta property=\"og:type\" content=\"article\" \/>\n<meta property=\"og:title\" content=\"FAQ&#039;s\" \/>\n<meta property=\"og:description\" content=\"[vc_row type=\u00a0\u00bbfull_width_background\u00a0\u00bb full_screen_row_position=\u00a0\u00bbmiddle\u00a0\u00bb column_margin=\u00a0\u00bbdefault\u00a0\u00bb column_direction=\u00a0\u00bbdefault\u00a0\u00bb column_direction_tablet=\u00a0\u00bbdefault\u00a0\u00bb column_direction_phone=\u00a0\u00bbdefault\u00a0\u00bb bg_color=\u00a0\u00bb#ffffff\u00a0\u00bb scene_position=\u00a0\u00bbcenter\u00a0\u00bb top_padding=\u00a0\u00bb100&Prime; bottom_padding=\u00a0\u00bb100&Prime; text_color=\u00a0\u00bbdark\u00a0\u00bb text_align=\u00a0\u00bbleft\u00a0\u00bb row_border_radius=\u00a0\u00bbnone\u00a0\u00bb row_border_radius_applies=\u00a0\u00bbbg\u00a0\u00bb...\" \/>\n<meta property=\"og:url\" content=\"https:\/\/www.shimifrez.com\/fr\/services\/faqs\" \/>\n<meta property=\"og:site_name\" content=\"Shimifrez\" \/>\n<meta property=\"article:publisher\" content=\"https:\/\/www.facebook.com\/Shimifrez-156703264354008\/\" \/>\n<meta name=\"twitter:card\" content=\"summary_large_image\" \/>\n<meta name=\"twitter:site\" content=\"@shimifrez\" \/>\n<meta name=\"twitter:label1\" content=\"Dur\u00e9e de lecture estim\u00e9e\" \/>\n\t<meta name=\"twitter:data1\" content=\"2 minutes\" \/>\n<script type=\"application\/ld+json\" class=\"yoast-schema-graph\">{\"@context\":\"https:\/\/schema.org\",\"@graph\":[{\"@type\":\"WebPage\",\"@id\":\"https:\/\/www.shimifrez.com\/fr\/services\/faqs\",\"url\":\"https:\/\/www.shimifrez.com\/fr\/services\/faqs\",\"name\":\"FAQ's - Shimifrez\",\"isPartOf\":{\"@id\":\"https:\/\/www.shimifrez.com\/#website\"},\"datePublished\":\"2021-12-17T03:18:32+00:00\",\"breadcrumb\":{\"@id\":\"https:\/\/www.shimifrez.com\/fr\/services\/faqs#breadcrumb\"},\"inLanguage\":\"fr-FR\",\"potentialAction\":[{\"@type\":\"ReadAction\",\"target\":[\"https:\/\/www.shimifrez.com\/fr\/services\/faqs\"]}]},{\"@type\":\"BreadcrumbList\",\"@id\":\"https:\/\/www.shimifrez.com\/fr\/services\/faqs#breadcrumb\",\"itemListElement\":[{\"@type\":\"ListItem\",\"position\":1,\"name\":\"Home\",\"item\":\"https:\/\/www.shimifrez.com\/fr\"},{\"@type\":\"ListItem\",\"position\":2,\"name\":\"Services\",\"item\":\"https:\/\/www.shimifrez.com\/fr\/services\"},{\"@type\":\"ListItem\",\"position\":3,\"name\":\"FAQ&rsquo;s\"}]},{\"@type\":\"WebSite\",\"@id\":\"https:\/\/www.shimifrez.com\/#website\",\"url\":\"https:\/\/www.shimifrez.com\/\",\"name\":\"Shimifrez\",\"description\":\"Precision Photo Chemical Etching &amp; Electroforming\",\"publisher\":{\"@id\":\"https:\/\/www.shimifrez.com\/#organization\"},\"potentialAction\":[{\"@type\":\"SearchAction\",\"target\":{\"@type\":\"EntryPoint\",\"urlTemplate\":\"https:\/\/www.shimifrez.com\/?s={search_term_string}\"},\"query-input\":{\"@type\":\"PropertyValueSpecification\",\"valueRequired\":true,\"valueName\":\"search_term_string\"}}],\"inLanguage\":\"fr-FR\"},{\"@type\":\"Organization\",\"@id\":\"https:\/\/www.shimifrez.com\/#organization\",\"name\":\"Shimifrez\",\"url\":\"https:\/\/www.shimifrez.com\/\",\"logo\":{\"@type\":\"ImageObject\",\"inLanguage\":\"fr-FR\",\"@id\":\"https:\/\/www.shimifrez.com\/#\/schema\/logo\/image\/\",\"url\":\"https:\/\/www.shimifrez.com\/wp-content\/uploads\/2020\/08\/shimifrez-logo@2x.png\",\"contentUrl\":\"https:\/\/www.shimifrez.com\/wp-content\/uploads\/2020\/08\/shimifrez-logo@2x.png\",\"width\":490,\"height\":140,\"caption\":\"Shimifrez\"},\"image\":{\"@id\":\"https:\/\/www.shimifrez.com\/#\/schema\/logo\/image\/\"},\"sameAs\":[\"https:\/\/www.facebook.com\/Shimifrez-156703264354008\/\",\"https:\/\/x.com\/shimifrez\",\"https:\/\/www.linkedin.com\/company\/shimifrez?trk=top_nav_home\"]}]}<\/script>\n<!-- \/ Yoast SEO Premium plugin. -->","yoast_head_json":{"title":"FAQ's - Shimifrez","robots":{"index":"index","follow":"follow","max-snippet":"max-snippet:-1","max-image-preview":"max-image-preview:large","max-video-preview":"max-video-preview:-1"},"canonical":"https:\/\/www.shimifrez.com\/fr\/services\/faqs","og_locale":"fr_FR","og_type":"article","og_title":"FAQ's","og_description":"[vc_row type=\u00a0\u00bbfull_width_background\u00a0\u00bb full_screen_row_position=\u00a0\u00bbmiddle\u00a0\u00bb column_margin=\u00a0\u00bbdefault\u00a0\u00bb column_direction=\u00a0\u00bbdefault\u00a0\u00bb column_direction_tablet=\u00a0\u00bbdefault\u00a0\u00bb column_direction_phone=\u00a0\u00bbdefault\u00a0\u00bb bg_color=\u00a0\u00bb#ffffff\u00a0\u00bb scene_position=\u00a0\u00bbcenter\u00a0\u00bb top_padding=\u00a0\u00bb100&Prime; bottom_padding=\u00a0\u00bb100&Prime; text_color=\u00a0\u00bbdark\u00a0\u00bb text_align=\u00a0\u00bbleft\u00a0\u00bb row_border_radius=\u00a0\u00bbnone\u00a0\u00bb row_border_radius_applies=\u00a0\u00bbbg\u00a0\u00bb...","og_url":"https:\/\/www.shimifrez.com\/fr\/services\/faqs","og_site_name":"Shimifrez","article_publisher":"https:\/\/www.facebook.com\/Shimifrez-156703264354008\/","twitter_card":"summary_large_image","twitter_site":"@shimifrez","twitter_misc":{"Dur\u00e9e de lecture estim\u00e9e":"2 minutes"},"schema":{"@context":"https:\/\/schema.org","@graph":[{"@type":"WebPage","@id":"https:\/\/www.shimifrez.com\/fr\/services\/faqs","url":"https:\/\/www.shimifrez.com\/fr\/services\/faqs","name":"FAQ's - Shimifrez","isPartOf":{"@id":"https:\/\/www.shimifrez.com\/#website"},"datePublished":"2021-12-17T03:18:32+00:00","breadcrumb":{"@id":"https:\/\/www.shimifrez.com\/fr\/services\/faqs#breadcrumb"},"inLanguage":"fr-FR","potentialAction":[{"@type":"ReadAction","target":["https:\/\/www.shimifrez.com\/fr\/services\/faqs"]}]},{"@type":"BreadcrumbList","@id":"https:\/\/www.shimifrez.com\/fr\/services\/faqs#breadcrumb","itemListElement":[{"@type":"ListItem","position":1,"name":"Home","item":"https:\/\/www.shimifrez.com\/fr"},{"@type":"ListItem","position":2,"name":"Services","item":"https:\/\/www.shimifrez.com\/fr\/services"},{"@type":"ListItem","position":3,"name":"FAQ&rsquo;s"}]},{"@type":"WebSite","@id":"https:\/\/www.shimifrez.com\/#website","url":"https:\/\/www.shimifrez.com\/","name":"Shimifrez","description":"Precision Photo Chemical Etching &amp; Electroforming","publisher":{"@id":"https:\/\/www.shimifrez.com\/#organization"},"potentialAction":[{"@type":"SearchAction","target":{"@type":"EntryPoint","urlTemplate":"https:\/\/www.shimifrez.com\/?s={search_term_string}"},"query-input":{"@type":"PropertyValueSpecification","valueRequired":true,"valueName":"search_term_string"}}],"inLanguage":"fr-FR"},{"@type":"Organization","@id":"https:\/\/www.shimifrez.com\/#organization","name":"Shimifrez","url":"https:\/\/www.shimifrez.com\/","logo":{"@type":"ImageObject","inLanguage":"fr-FR","@id":"https:\/\/www.shimifrez.com\/#\/schema\/logo\/image\/","url":"https:\/\/www.shimifrez.com\/wp-content\/uploads\/2020\/08\/shimifrez-logo@2x.png","contentUrl":"https:\/\/www.shimifrez.com\/wp-content\/uploads\/2020\/08\/shimifrez-logo@2x.png","width":490,"height":140,"caption":"Shimifrez"},"image":{"@id":"https:\/\/www.shimifrez.com\/#\/schema\/logo\/image\/"},"sameAs":["https:\/\/www.facebook.com\/Shimifrez-156703264354008\/","https:\/\/x.com\/shimifrez","https:\/\/www.linkedin.com\/company\/shimifrez?trk=top_nav_home"]}]}},"_links":{"self":[{"href":"https:\/\/www.shimifrez.com\/fr\/wp-json\/wp\/v2\/pages\/84458","targetHints":{"allow":["GET"]}}],"collection":[{"href":"https:\/\/www.shimifrez.com\/fr\/wp-json\/wp\/v2\/pages"}],"about":[{"href":"https:\/\/www.shimifrez.com\/fr\/wp-json\/wp\/v2\/types\/page"}],"author":[{"embeddable":true,"href":"https:\/\/www.shimifrez.com\/fr\/wp-json\/wp\/v2\/users\/1"}],"replies":[{"embeddable":true,"href":"https:\/\/www.shimifrez.com\/fr\/wp-json\/wp\/v2\/comments?post=84458"}],"version-history":[{"count":1,"href":"https:\/\/www.shimifrez.com\/fr\/wp-json\/wp\/v2\/pages\/84458\/revisions"}],"predecessor-version":[{"id":84461,"href":"https:\/\/www.shimifrez.com\/fr\/wp-json\/wp\/v2\/pages\/84458\/revisions\/84461"}],"up":[{"embeddable":true,"href":"https:\/\/www.shimifrez.com\/fr\/wp-json\/wp\/v2\/pages\/84342"}],"wp:attachment":[{"href":"https:\/\/www.shimifrez.com\/fr\/wp-json\/wp\/v2\/media?parent=84458"}],"curies":[{"name":"wp","href":"https:\/\/api.w.org\/{rel}","templated":true}]}}