{"id":84361,"date":"2021-12-17T00:56:26","date_gmt":"2021-12-17T00:56:26","guid":{"rendered":"https:\/\/www.shimifrez.com\/?page_id=84361"},"modified":"2022-01-04T21:00:59","modified_gmt":"2022-01-05T02:00:59","slug":"guide-de-conception-au-pcm-photogravure","status":"publish","type":"page","link":"https:\/\/www.shimifrez.com\/fr\/services\/guide-de-conception-au-pcm-photogravure","title":{"rendered":"Guide De Conception Au PCM (Photogravure)"},"content":{"rendered":"[vc_row type=\u00a0\u00bbcontainer\u00a0\u00bb full_screen_row_position=\u00a0\u00bbmiddle\u00a0\u00bb column_margin=\u00a0\u00bbdefault\u00a0\u00bb column_direction=\u00a0\u00bbdefault\u00a0\u00bb column_direction_tablet=\u00a0\u00bbdefault\u00a0\u00bb column_direction_phone=\u00a0\u00bbdefault\u00a0\u00bb scene_position=\u00a0\u00bbcenter\u00a0\u00bb text_color=\u00a0\u00bbdark\u00a0\u00bb text_align=\u00a0\u00bbleft\u00a0\u00bb row_border_radius=\u00a0\u00bbnone\u00a0\u00bb row_border_radius_applies=\u00a0\u00bbbg\u00a0\u00bb overlay_strength=\u00a0\u00bb0.3&Prime; gradient_direction=\u00a0\u00bbleft_to_right\u00a0\u00bb shape_divider_position=\u00a0\u00bbbottom\u00a0\u00bb bg_image_animation=\u00a0\u00bbnone\u00a0\u00bb][vc_column column_padding=\u00a0\u00bbno-extra-padding\u00a0\u00bb column_padding_tablet=\u00a0\u00bbinherit\u00a0\u00bb column_padding_phone=\u00a0\u00bbinherit\u00a0\u00bb column_padding_position=\u00a0\u00bball\u00a0\u00bb column_element_spacing=\u00a0\u00bbdefault\u00a0\u00bb background_color_opacity=\u00a0\u00bb1&Prime; background_hover_color_opacity=\u00a0\u00bb1&Prime; column_shadow=\u00a0\u00bbnone\u00a0\u00bb column_border_radius=\u00a0\u00bbnone\u00a0\u00bb column_link_target=\u00a0\u00bb_self\u00a0\u00bb gradient_direction=\u00a0\u00bbleft_to_right\u00a0\u00bb overlay_strength=\u00a0\u00bb0.3&Prime; width=\u00a0\u00bb1\/1&Prime; tablet_width_inherit=\u00a0\u00bbdefault\u00a0\u00bb tablet_text_alignment=\u00a0\u00bbdefault\u00a0\u00bb phone_text_alignment=\u00a0\u00bbdefault\u00a0\u00bb bg_image_animation=\u00a0\u00bbnone\u00a0\u00bb border_type=\u00a0\u00bbsimple\u00a0\u00bb column_border_width=\u00a0\u00bbnone\u00a0\u00bb column_border_style=\u00a0\u00bbsolid\u00a0\u00bb][vc_custom_heading text=\u00a0\u00bbGuide de conception au PCM (photogravure)\u00a0\u00bb font_container=\u00a0\u00bbtag:h1|font_size:40|text_align:left|color:%23bf2828&Prime; google_fonts=\u00a0\u00bbfont_family:Montserrat%3Aregular%2C700|font_style:700%20bold%20regular%3A700%3Anormal\u00a0\u00bb css=\u00a0\u00bb.vc_custom_1639702518822{padding-top: 10px !important;padding-right: 10px !important;padding-bottom: 10px !important;padding-left: 10px !important;}\u00a0\u00bb][vc_column_text]<strong>Relation entre une ligne et l&rsquo;\u00e9paisseur du m\u00e9tal<\/strong><\/p>\n<ul>\n<li>Toutes les lignes de pliage doivent \u00eatre trac\u00e9es \u00e0 l&rsquo;\u00e9paisseur du mat\u00e9riau, sauf :<\/li>\n<li>Les sous-plis doivent correspondre \u00e0 1,5 fois l&rsquo;\u00e9paisseur du mat\u00e9riau. Remarque : si l&rsquo;\u00e9paisseur du m\u00e9tal est inf\u00e9rieure \u00e0 0,0127 mm, l&rsquo;espace entre les trous doit \u00eatre au moins \u00e9gal \u00e0 l&rsquo;\u00e9paisseur du m\u00e9tal ; si l&rsquo;\u00e9paisseur du m\u00e9tal est sup\u00e9rieure \u00e0 0,005 mm, la taille des trous doit \u00eatre au moins \u00e9gale \u00e0 120 % de l&rsquo;\u00e9paisseur du m\u00e9tal.<\/li>\n<\/ul>\n<p><strong>Rapport entre le biseau et l&rsquo;\u00e9paisseur du m\u00e9tal<\/strong><\/p>\n<ul>\n<li>Si le mat\u00e9riau est grav\u00e9 des deux c\u00f4t\u00e9s, un biseau est produit. Lors de la gravure, le biseau repr\u00e9sente environ 15 \u00e0 20 % de l&rsquo;\u00e9paisseur du m\u00e9tal.<\/li>\n<\/ul>\n<p><strong>Dimensions et tol\u00e9rances centre \u00e0 centre<\/strong><\/p>\n<ul>\n<li>Diam\u00e8tre minimum du trou = \u00e9paisseur du mat\u00e9riau.<\/li>\n<li>Diam\u00e8tre minimum du rivet = 1,4 fois l&rsquo;\u00e9paisseur du mat\u00e9riau.<\/li>\n<li>Largeur minimale de la ligne en relief ou en creux = 0,8 fois l&rsquo;\u00e9paisseur du mat\u00e9riau.<\/li>\n<li>Largeur de la ligne de pliage = \u00e9paisseur du mat\u00e9riau.<\/li>\n<\/ul>\n<p><strong>Caract\u00e9ristique de fente\/barre<\/strong><\/p>\n<ul>\n<li>La caract\u00e9ristique minimale de barre ou de terre ne peut \u00eatre inf\u00e9rieure \u00e0 80 % de l&rsquo;\u00e9paisseur du mat\u00e9riau.<\/li>\n<li>La fente minimale pour les \u00e9crans ou les mailles ne peut \u00eatre inf\u00e9rieure \u00e0 120 % de l&rsquo;\u00e9paisseur du mat\u00e9riau.<\/li>\n<\/ul>\n<p><strong>Rayon des coins<\/strong><\/p>\n<ul>\n<li>Il n&rsquo;y a pas de v\u00e9ritables carr\u00e9s dans la gravure.<\/li>\n<li>Le rayon nominal des coins int\u00e9rieurs ou ext\u00e9rieurs est de 0,6 X l&rsquo;\u00e9paisseur du mat\u00e9riau.<\/li>\n<\/ul>\n<p><strong>Rapport de gravure<\/strong><\/p>\n<ul>\n<li>80 \u00e0 90 % de la gravure est effectu\u00e9e d&rsquo;un seul c\u00f4t\u00e9.<\/li>\n<li>Le besoin d&rsquo;un trou plus petit \u00e0 travers un mat\u00e9riau plus \u00e9pais.<\/li>\n<\/ul>\n<p>Remarque : le trou s&rsquo;\u00e9largit en haut au fur et \u00e0 mesure qu&rsquo;il s&rsquo;approfondit.<\/p>\n<p><strong>Demi-gravure<\/strong><\/p>\n<ul>\n<li>Un seul c\u00f4t\u00e9 du mat\u00e9riau \u00e0 graver.<\/li>\n<li>R\u00e9duction de l&rsquo;\u00e9paisseur<\/li>\n<li>Les utilisations peuvent \u00eatre des marquages, des num\u00e9ros de pi\u00e8ces, des logos ou pour permettre le pliage des pi\u00e8ces pour les pi\u00e8ces de blindage.<\/li>\n<\/ul>\n<p><strong>Lignes de pliage<\/strong><\/p>\n<p>Pour former votre pi\u00e8ce \u00e0 la main, les parois lat\u00e9rales de pleine \u00e9paisseur adjacentes \u00e0 la demi-gravure se rejoignent pour former un coude \u00e0 90\u00b0. Le canal de pliage de la demi-gravure doit aboutir \u00e0 l&rsquo;int\u00e9rieur de la pi\u00e8ce form\u00e9e. Le PCM peut produire une demi-gravure dans le mat\u00e9riau qui correspond en fait \u00e0 environ 50-75 % de l&rsquo;\u00e9paisseur du m\u00e9tal.<\/p>\n<p><strong>Onglets<\/strong><\/p>\n<p>Les pi\u00e8ces sont maintenues en feuilles par plusieurs petites languettes qui peuvent laisser une bavure lorsqu&rsquo;elles sont d\u00e9tach\u00e9es. Il est important de noter que cette bavure est diff\u00e9rente d&rsquo;une bavure de d\u00e9coupe.<\/p>\n<p><strong>Languettes encastr\u00e9es<\/strong><\/p>\n<p>Les onglets encastr\u00e9s sont similaires aux onglets externes, sauf que le point de rupture sera encastr\u00e9 dans la pi\u00e8ce. Utilisez cette option si votre pi\u00e8ce ne peut pas avoir de zones d\u00e9passant son p\u00e9rim\u00e8tre. Les applications typiques qui utilisent l&rsquo;onglet encastr\u00e9 sont des pi\u00e8ces telles que les disques d&rsquo;encodeur et d&rsquo;autres pi\u00e8ces circulaires ou les blindages au niveau de la carte utilisent des onglets encastr\u00e9s afin que l&rsquo;onglet n&rsquo;affecte pas la fixation \u00e0 la carte de circuit imprim\u00e9.<\/p>\n<p><strong>Languettes externes<\/strong><\/p>\n<p style=\"text-align: justify;\">Les languettes externes produisent un point de rupture qui laisse une petite partie de la t\u00f4le sur la pi\u00e8ce.<\/p>\n[\/vc_column_text][\/vc_column][\/vc_row][vc_row type=\u00a0\u00bbin_container\u00a0\u00bb full_screen_row_position=\u00a0\u00bbmiddle\u00a0\u00bb column_margin=\u00a0\u00bbdefault\u00a0\u00bb column_direction=\u00a0\u00bbdefault\u00a0\u00bb column_direction_tablet=\u00a0\u00bbdefault\u00a0\u00bb column_direction_phone=\u00a0\u00bbdefault\u00a0\u00bb scene_position=\u00a0\u00bbcenter\u00a0\u00bb text_color=\u00a0\u00bbdark\u00a0\u00bb text_align=\u00a0\u00bbleft\u00a0\u00bb row_border_radius=\u00a0\u00bbnone\u00a0\u00bb row_border_radius_applies=\u00a0\u00bbbg\u00a0\u00bb overlay_strength=\u00a0\u00bb0.3&Prime; gradient_direction=\u00a0\u00bbleft_to_right\u00a0\u00bb shape_divider_position=\u00a0\u00bbbottom\u00a0\u00bb bg_image_animation=\u00a0\u00bbnone\u00a0\u00bb][vc_column column_padding=\u00a0\u00bbno-extra-padding\u00a0\u00bb column_padding_tablet=\u00a0\u00bbinherit\u00a0\u00bb column_padding_phone=\u00a0\u00bbinherit\u00a0\u00bb column_padding_position=\u00a0\u00bball\u00a0\u00bb column_element_spacing=\u00a0\u00bbdefault\u00a0\u00bb background_color_opacity=\u00a0\u00bb1&Prime; background_hover_color_opacity=\u00a0\u00bb1&Prime; column_shadow=\u00a0\u00bbnone\u00a0\u00bb column_border_radius=\u00a0\u00bbnone\u00a0\u00bb column_link_target=\u00a0\u00bb_self\u00a0\u00bb gradient_direction=\u00a0\u00bbleft_to_right\u00a0\u00bb overlay_strength=\u00a0\u00bb0.3&Prime; width=\u00a0\u00bb1\/1&Prime; tablet_width_inherit=\u00a0\u00bbdefault\u00a0\u00bb tablet_text_alignment=\u00a0\u00bbdefault\u00a0\u00bb phone_text_alignment=\u00a0\u00bbdefault\u00a0\u00bb bg_image_animation=\u00a0\u00bbnone\u00a0\u00bb border_type=\u00a0\u00bbsimple\u00a0\u00bb column_border_width=\u00a0\u00bbnone\u00a0\u00bb column_border_style=\u00a0\u00bbsolid\u00a0\u00bb][nectar_global_section id=\u00a0\u00bb84331&Prime;][\/vc_column][\/vc_row][vc_row type=\u00a0\u00bbin_container\u00a0\u00bb full_screen_row_position=\u00a0\u00bbmiddle\u00a0\u00bb column_margin=\u00a0\u00bbdefault\u00a0\u00bb column_direction=\u00a0\u00bbdefault\u00a0\u00bb column_direction_tablet=\u00a0\u00bbdefault\u00a0\u00bb column_direction_phone=\u00a0\u00bbdefault\u00a0\u00bb scene_position=\u00a0\u00bbcenter\u00a0\u00bb text_color=\u00a0\u00bbdark\u00a0\u00bb text_align=\u00a0\u00bbleft\u00a0\u00bb row_border_radius=\u00a0\u00bbnone\u00a0\u00bb row_border_radius_applies=\u00a0\u00bbbg\u00a0\u00bb overlay_strength=\u00a0\u00bb0.3&Prime; gradient_direction=\u00a0\u00bbleft_to_right\u00a0\u00bb shape_divider_position=\u00a0\u00bbbottom\u00a0\u00bb bg_image_animation=\u00a0\u00bbnone\u00a0\u00bb][vc_column column_padding=\u00a0\u00bbno-extra-padding\u00a0\u00bb column_padding_tablet=\u00a0\u00bbinherit\u00a0\u00bb column_padding_phone=\u00a0\u00bbinherit\u00a0\u00bb column_padding_position=\u00a0\u00bball\u00a0\u00bb column_element_spacing=\u00a0\u00bbdefault\u00a0\u00bb background_color_opacity=\u00a0\u00bb1&Prime; background_hover_color_opacity=\u00a0\u00bb1&Prime; column_shadow=\u00a0\u00bbnone\u00a0\u00bb column_border_radius=\u00a0\u00bbnone\u00a0\u00bb column_link_target=\u00a0\u00bb_self\u00a0\u00bb gradient_direction=\u00a0\u00bbleft_to_right\u00a0\u00bb overlay_strength=\u00a0\u00bb0.3&Prime; width=\u00a0\u00bb1\/1&Prime; tablet_width_inherit=\u00a0\u00bbdefault\u00a0\u00bb tablet_text_alignment=\u00a0\u00bbdefault\u00a0\u00bb phone_text_alignment=\u00a0\u00bbdefault\u00a0\u00bb bg_image_animation=\u00a0\u00bbnone\u00a0\u00bb border_type=\u00a0\u00bbsimple\u00a0\u00bb column_border_width=\u00a0\u00bbnone\u00a0\u00bb column_border_style=\u00a0\u00bbsolid\u00a0\u00bb][nectar_global_section id=\u00a0\u00bb84333&Prime;][\/vc_column][\/vc_row]\n","protected":false},"excerpt":{"rendered":"<p>[vc_row type=\u00a0\u00bbcontainer\u00a0\u00bb full_screen_row_position=\u00a0\u00bbmiddle\u00a0\u00bb column_margin=\u00a0\u00bbdefault\u00a0\u00bb column_direction=\u00a0\u00bbdefault\u00a0\u00bb column_direction_tablet=\u00a0\u00bbdefault\u00a0\u00bb column_direction_phone=\u00a0\u00bbdefault\u00a0\u00bb scene_position=\u00a0\u00bbcenter\u00a0\u00bb text_color=\u00a0\u00bbdark\u00a0\u00bb text_align=\u00a0\u00bbleft\u00a0\u00bb row_border_radius=\u00a0\u00bbnone\u00a0\u00bb row_border_radius_applies=\u00a0\u00bbbg\u00a0\u00bb overlay_strength=\u00a0\u00bb0.3&Prime; gradient_direction=\u00a0\u00bbleft_to_right\u00a0\u00bb shape_divider_position=\u00a0\u00bbbottom\u00a0\u00bb&#8230;<\/p>\n","protected":false},"author":1,"featured_media":0,"parent":84342,"menu_order":0,"comment_status":"closed","ping_status":"closed","template":"","meta":{"_acf_changed":false,"inline_featured_image":false,"footnotes":""},"class_list":["post-84361","page","type-page","status-publish"],"acf":[],"yoast_head":"<!-- This site is optimized with the Yoast SEO Premium plugin v25.5 (Yoast SEO v25.6) - https:\/\/yoast.com\/wordpress\/plugins\/seo\/ -->\n<title>Guide De Conception Au PCM (Photogravure) - Shimifrez<\/title>\n<meta name=\"robots\" content=\"index, follow, max-snippet:-1, max-image-preview:large, max-video-preview:-1\" \/>\n<link rel=\"canonical\" href=\"https:\/\/www.shimifrez.com\/fr\/services\/guide-de-conception-au-pcm-photogravure\" \/>\n<meta property=\"og:locale\" content=\"fr_FR\" \/>\n<meta property=\"og:type\" content=\"article\" \/>\n<meta property=\"og:title\" content=\"Guide De Conception Au PCM (Photogravure)\" \/>\n<meta property=\"og:description\" content=\"[vc_row type=\u00a0\u00bbcontainer\u00a0\u00bb full_screen_row_position=\u00a0\u00bbmiddle\u00a0\u00bb column_margin=\u00a0\u00bbdefault\u00a0\u00bb column_direction=\u00a0\u00bbdefault\u00a0\u00bb column_direction_tablet=\u00a0\u00bbdefault\u00a0\u00bb column_direction_phone=\u00a0\u00bbdefault\u00a0\u00bb scene_position=\u00a0\u00bbcenter\u00a0\u00bb text_color=\u00a0\u00bbdark\u00a0\u00bb text_align=\u00a0\u00bbleft\u00a0\u00bb row_border_radius=\u00a0\u00bbnone\u00a0\u00bb row_border_radius_applies=\u00a0\u00bbbg\u00a0\u00bb overlay_strength=\u00a0\u00bb0.3&Prime; gradient_direction=\u00a0\u00bbleft_to_right\u00a0\u00bb shape_divider_position=\u00a0\u00bbbottom\u00a0\u00bb...\" \/>\n<meta property=\"og:url\" content=\"https:\/\/www.shimifrez.com\/fr\/services\/guide-de-conception-au-pcm-photogravure\" \/>\n<meta property=\"og:site_name\" content=\"Shimifrez\" \/>\n<meta property=\"article:publisher\" content=\"https:\/\/www.facebook.com\/Shimifrez-156703264354008\/\" \/>\n<meta property=\"article:modified_time\" content=\"2022-01-05T02:00:59+00:00\" \/>\n<meta name=\"twitter:card\" content=\"summary_large_image\" \/>\n<meta name=\"twitter:site\" content=\"@shimifrez\" \/>\n<meta name=\"twitter:label1\" content=\"Dur\u00e9e de lecture estim\u00e9e\" \/>\n\t<meta name=\"twitter:data1\" content=\"3 minutes\" \/>\n<script type=\"application\/ld+json\" class=\"yoast-schema-graph\">{\"@context\":\"https:\/\/schema.org\",\"@graph\":[{\"@type\":\"WebPage\",\"@id\":\"https:\/\/www.shimifrez.com\/fr\/services\/guide-de-conception-au-pcm-photogravure\",\"url\":\"https:\/\/www.shimifrez.com\/fr\/services\/guide-de-conception-au-pcm-photogravure\",\"name\":\"Guide De Conception Au PCM (Photogravure) - Shimifrez\",\"isPartOf\":{\"@id\":\"https:\/\/www.shimifrez.com\/#website\"},\"datePublished\":\"2021-12-17T00:56:26+00:00\",\"dateModified\":\"2022-01-05T02:00:59+00:00\",\"breadcrumb\":{\"@id\":\"https:\/\/www.shimifrez.com\/fr\/services\/guide-de-conception-au-pcm-photogravure#breadcrumb\"},\"inLanguage\":\"fr-FR\",\"potentialAction\":[{\"@type\":\"ReadAction\",\"target\":[\"https:\/\/www.shimifrez.com\/fr\/services\/guide-de-conception-au-pcm-photogravure\"]}]},{\"@type\":\"BreadcrumbList\",\"@id\":\"https:\/\/www.shimifrez.com\/fr\/services\/guide-de-conception-au-pcm-photogravure#breadcrumb\",\"itemListElement\":[{\"@type\":\"ListItem\",\"position\":1,\"name\":\"Home\",\"item\":\"https:\/\/www.shimifrez.com\/fr\"},{\"@type\":\"ListItem\",\"position\":2,\"name\":\"Services\",\"item\":\"https:\/\/www.shimifrez.com\/fr\/services\"},{\"@type\":\"ListItem\",\"position\":3,\"name\":\"Guide De Conception Au PCM (Photogravure)\"}]},{\"@type\":\"WebSite\",\"@id\":\"https:\/\/www.shimifrez.com\/#website\",\"url\":\"https:\/\/www.shimifrez.com\/\",\"name\":\"Shimifrez\",\"description\":\"Precision Photo Chemical Etching &amp; Electroforming\",\"publisher\":{\"@id\":\"https:\/\/www.shimifrez.com\/#organization\"},\"potentialAction\":[{\"@type\":\"SearchAction\",\"target\":{\"@type\":\"EntryPoint\",\"urlTemplate\":\"https:\/\/www.shimifrez.com\/?s={search_term_string}\"},\"query-input\":{\"@type\":\"PropertyValueSpecification\",\"valueRequired\":true,\"valueName\":\"search_term_string\"}}],\"inLanguage\":\"fr-FR\"},{\"@type\":\"Organization\",\"@id\":\"https:\/\/www.shimifrez.com\/#organization\",\"name\":\"Shimifrez\",\"url\":\"https:\/\/www.shimifrez.com\/\",\"logo\":{\"@type\":\"ImageObject\",\"inLanguage\":\"fr-FR\",\"@id\":\"https:\/\/www.shimifrez.com\/#\/schema\/logo\/image\/\",\"url\":\"https:\/\/www.shimifrez.com\/wp-content\/uploads\/2020\/08\/shimifrez-logo@2x.png\",\"contentUrl\":\"https:\/\/www.shimifrez.com\/wp-content\/uploads\/2020\/08\/shimifrez-logo@2x.png\",\"width\":490,\"height\":140,\"caption\":\"Shimifrez\"},\"image\":{\"@id\":\"https:\/\/www.shimifrez.com\/#\/schema\/logo\/image\/\"},\"sameAs\":[\"https:\/\/www.facebook.com\/Shimifrez-156703264354008\/\",\"https:\/\/x.com\/shimifrez\",\"https:\/\/www.linkedin.com\/company\/shimifrez?trk=top_nav_home\"]}]}<\/script>\n<!-- \/ Yoast SEO Premium plugin. -->","yoast_head_json":{"title":"Guide De Conception Au PCM (Photogravure) - Shimifrez","robots":{"index":"index","follow":"follow","max-snippet":"max-snippet:-1","max-image-preview":"max-image-preview:large","max-video-preview":"max-video-preview:-1"},"canonical":"https:\/\/www.shimifrez.com\/fr\/services\/guide-de-conception-au-pcm-photogravure","og_locale":"fr_FR","og_type":"article","og_title":"Guide De Conception Au PCM (Photogravure)","og_description":"[vc_row type=\u00a0\u00bbcontainer\u00a0\u00bb full_screen_row_position=\u00a0\u00bbmiddle\u00a0\u00bb column_margin=\u00a0\u00bbdefault\u00a0\u00bb column_direction=\u00a0\u00bbdefault\u00a0\u00bb column_direction_tablet=\u00a0\u00bbdefault\u00a0\u00bb column_direction_phone=\u00a0\u00bbdefault\u00a0\u00bb scene_position=\u00a0\u00bbcenter\u00a0\u00bb text_color=\u00a0\u00bbdark\u00a0\u00bb text_align=\u00a0\u00bbleft\u00a0\u00bb row_border_radius=\u00a0\u00bbnone\u00a0\u00bb row_border_radius_applies=\u00a0\u00bbbg\u00a0\u00bb overlay_strength=\u00a0\u00bb0.3&Prime; gradient_direction=\u00a0\u00bbleft_to_right\u00a0\u00bb shape_divider_position=\u00a0\u00bbbottom\u00a0\u00bb...","og_url":"https:\/\/www.shimifrez.com\/fr\/services\/guide-de-conception-au-pcm-photogravure","og_site_name":"Shimifrez","article_publisher":"https:\/\/www.facebook.com\/Shimifrez-156703264354008\/","article_modified_time":"2022-01-05T02:00:59+00:00","twitter_card":"summary_large_image","twitter_site":"@shimifrez","twitter_misc":{"Dur\u00e9e de lecture estim\u00e9e":"3 minutes"},"schema":{"@context":"https:\/\/schema.org","@graph":[{"@type":"WebPage","@id":"https:\/\/www.shimifrez.com\/fr\/services\/guide-de-conception-au-pcm-photogravure","url":"https:\/\/www.shimifrez.com\/fr\/services\/guide-de-conception-au-pcm-photogravure","name":"Guide De Conception Au PCM (Photogravure) - Shimifrez","isPartOf":{"@id":"https:\/\/www.shimifrez.com\/#website"},"datePublished":"2021-12-17T00:56:26+00:00","dateModified":"2022-01-05T02:00:59+00:00","breadcrumb":{"@id":"https:\/\/www.shimifrez.com\/fr\/services\/guide-de-conception-au-pcm-photogravure#breadcrumb"},"inLanguage":"fr-FR","potentialAction":[{"@type":"ReadAction","target":["https:\/\/www.shimifrez.com\/fr\/services\/guide-de-conception-au-pcm-photogravure"]}]},{"@type":"BreadcrumbList","@id":"https:\/\/www.shimifrez.com\/fr\/services\/guide-de-conception-au-pcm-photogravure#breadcrumb","itemListElement":[{"@type":"ListItem","position":1,"name":"Home","item":"https:\/\/www.shimifrez.com\/fr"},{"@type":"ListItem","position":2,"name":"Services","item":"https:\/\/www.shimifrez.com\/fr\/services"},{"@type":"ListItem","position":3,"name":"Guide De Conception Au PCM (Photogravure)"}]},{"@type":"WebSite","@id":"https:\/\/www.shimifrez.com\/#website","url":"https:\/\/www.shimifrez.com\/","name":"Shimifrez","description":"Precision Photo Chemical Etching &amp; Electroforming","publisher":{"@id":"https:\/\/www.shimifrez.com\/#organization"},"potentialAction":[{"@type":"SearchAction","target":{"@type":"EntryPoint","urlTemplate":"https:\/\/www.shimifrez.com\/?s={search_term_string}"},"query-input":{"@type":"PropertyValueSpecification","valueRequired":true,"valueName":"search_term_string"}}],"inLanguage":"fr-FR"},{"@type":"Organization","@id":"https:\/\/www.shimifrez.com\/#organization","name":"Shimifrez","url":"https:\/\/www.shimifrez.com\/","logo":{"@type":"ImageObject","inLanguage":"fr-FR","@id":"https:\/\/www.shimifrez.com\/#\/schema\/logo\/image\/","url":"https:\/\/www.shimifrez.com\/wp-content\/uploads\/2020\/08\/shimifrez-logo@2x.png","contentUrl":"https:\/\/www.shimifrez.com\/wp-content\/uploads\/2020\/08\/shimifrez-logo@2x.png","width":490,"height":140,"caption":"Shimifrez"},"image":{"@id":"https:\/\/www.shimifrez.com\/#\/schema\/logo\/image\/"},"sameAs":["https:\/\/www.facebook.com\/Shimifrez-156703264354008\/","https:\/\/x.com\/shimifrez","https:\/\/www.linkedin.com\/company\/shimifrez?trk=top_nav_home"]}]}},"_links":{"self":[{"href":"https:\/\/www.shimifrez.com\/fr\/wp-json\/wp\/v2\/pages\/84361","targetHints":{"allow":["GET"]}}],"collection":[{"href":"https:\/\/www.shimifrez.com\/fr\/wp-json\/wp\/v2\/pages"}],"about":[{"href":"https:\/\/www.shimifrez.com\/fr\/wp-json\/wp\/v2\/types\/page"}],"author":[{"embeddable":true,"href":"https:\/\/www.shimifrez.com\/fr\/wp-json\/wp\/v2\/users\/1"}],"replies":[{"embeddable":true,"href":"https:\/\/www.shimifrez.com\/fr\/wp-json\/wp\/v2\/comments?post=84361"}],"version-history":[{"count":2,"href":"https:\/\/www.shimifrez.com\/fr\/wp-json\/wp\/v2\/pages\/84361\/revisions"}],"predecessor-version":[{"id":84602,"href":"https:\/\/www.shimifrez.com\/fr\/wp-json\/wp\/v2\/pages\/84361\/revisions\/84602"}],"up":[{"embeddable":true,"href":"https:\/\/www.shimifrez.com\/fr\/wp-json\/wp\/v2\/pages\/84342"}],"wp:attachment":[{"href":"https:\/\/www.shimifrez.com\/fr\/wp-json\/wp\/v2\/media?parent=84361"}],"curies":[{"name":"wp","href":"https:\/\/api.w.org\/{rel}","templated":true}]}}