{"id":84350,"date":"2021-12-17T00:27:04","date_gmt":"2021-12-17T00:27:04","guid":{"rendered":"https:\/\/www.shimifrez.com\/?page_id=84350"},"modified":"2022-01-04T20:58:52","modified_gmt":"2022-01-05T01:58:52","slug":"comparaison-de-la-coupe-des-metaux","status":"publish","type":"page","link":"https:\/\/www.shimifrez.com\/fr\/services\/comparaison-de-la-coupe-des-metaux","title":{"rendered":"Comparaison de la coupe des m\u00e9taux"},"content":{"rendered":"[vc_row type=\u00a0\u00bbcontainer\u00a0\u00bb full_screen_row_position=\u00a0\u00bbmiddle\u00a0\u00bb column_margin=\u00a0\u00bbdefault\u00a0\u00bb column_direction=\u00a0\u00bbdefault\u00a0\u00bb column_direction_tablet=\u00a0\u00bbdefault\u00a0\u00bb column_direction_phone=\u00a0\u00bbdefault\u00a0\u00bb scene_position=\u00a0\u00bbcenter\u00a0\u00bb text_color=\u00a0\u00bbdark\u00a0\u00bb text_align=\u00a0\u00bbleft\u00a0\u00bb row_border_radius=\u00a0\u00bbnone\u00a0\u00bb row_border_radius_applies=\u00a0\u00bbbg\u00a0\u00bb overlay_strength=\u00a0\u00bb0.3&Prime; gradient_direction=\u00a0\u00bbleft_to_right\u00a0\u00bb shape_divider_position=\u00a0\u00bbbottom\u00a0\u00bb bg_image_animation=\u00a0\u00bbnone\u00a0\u00bb][vc_column column_padding=\u00a0\u00bbno-extra-padding\u00a0\u00bb column_padding_tablet=\u00a0\u00bbinherit\u00a0\u00bb column_padding_phone=\u00a0\u00bbinherit\u00a0\u00bb column_padding_position=\u00a0\u00bball\u00a0\u00bb column_element_spacing=\u00a0\u00bbdefault\u00a0\u00bb background_color_opacity=\u00a0\u00bb1&Prime; background_hover_color_opacity=\u00a0\u00bb1&Prime; column_shadow=\u00a0\u00bbnone\u00a0\u00bb column_border_radius=\u00a0\u00bbnone\u00a0\u00bb column_link_target=\u00a0\u00bb_self\u00a0\u00bb gradient_direction=\u00a0\u00bbleft_to_right\u00a0\u00bb overlay_strength=\u00a0\u00bb0.3&Prime; width=\u00a0\u00bb1\/1&Prime; tablet_width_inherit=\u00a0\u00bbdefault\u00a0\u00bb tablet_text_alignment=\u00a0\u00bbdefault\u00a0\u00bb phone_text_alignment=\u00a0\u00bbdefault\u00a0\u00bb bg_image_animation=\u00a0\u00bbnone\u00a0\u00bb border_type=\u00a0\u00bbsimple\u00a0\u00bb column_border_width=\u00a0\u00bbnone\u00a0\u00bb column_border_style=\u00a0\u00bbsolid\u00a0\u00bb][vc_column_text]\n<h2 style=\"margin-top: 0;\"><strong>Photogravure vs autres techniques de coupe<\/strong><\/h2>\n<table width=\"667\">\n<tbody>\n<tr>\n<td width=\"95\"><\/td>\n<td width=\"87\"><strong>Photogravure*<\/strong><\/td>\n<td width=\"100\"><strong>Estampage<\/strong><\/td>\n<td width=\"96\"><strong>\u00c9lectroformage<\/strong><\/td>\n<td width=\"106\"><strong>\u00c9lectro\u00e9rosion par fil<\/strong><\/td>\n<td width=\"84\"><strong>Coupe au laser<\/strong><\/td>\n<td width=\"101\"><strong>Coupe au jet d\u2019eau<\/strong><\/td>\n<\/tr>\n<tr>\n<td width=\"95\">\u00c9chantillonnage<\/p>\n<p>&lt; 100<\/td>\n<td width=\"87\">Co\u00fbt faible<\/td>\n<td width=\"100\">Co\u00fbt \u00e9lev\u00e9<\/td>\n<td width=\"96\">Co\u00fbt faible<\/td>\n<td width=\"106\">Co\u00fbt faible<\/td>\n<td width=\"84\">Co\u00fbt faible<\/td>\n<td width=\"101\">Co\u00fbt moyen<\/td>\n<\/tr>\n<tr>\n<td width=\"95\">Bavures<\/td>\n<td width=\"87\">Aucune<\/td>\n<td width=\"100\">Partielle<\/td>\n<td width=\"96\">Aucune<\/td>\n<td width=\"106\">Micro<\/td>\n<td width=\"84\">Micro<\/td>\n<td width=\"101\">Micro<\/td>\n<\/tr>\n<tr>\n<td width=\"95\">M\u00e9taux<\/td>\n<td width=\"87\">M\u00e9taux de base et alliages<\/td>\n<td width=\"100\">Alliages de m\u00e9taux<\/td>\n<td width=\"96\">Principalement or, cuivre et nickel<\/td>\n<td width=\"106\">Alliages de m\u00e9taux<\/td>\n<td width=\"84\">Alliages de m\u00e9taux<\/td>\n<td width=\"101\">M\u00e9taux de base et alliages<\/td>\n<\/tr>\n<tr>\n<td width=\"95\">Stress<\/td>\n<td width=\"87\">Aucun<\/td>\n<td width=\"100\">Stress au niveau de l\u2019arr\u00eat de coupe<\/td>\n<td width=\"96\">Faible stress<\/td>\n<td width=\"106\">Des modifications structurelles peuvent se produire<\/td>\n<td width=\"84\">Stress thermique<\/td>\n<td width=\"101\">Stress au niveau de l\u2019arr\u00eat de coupe<\/td>\n<\/tr>\n<tr>\n<td width=\"95\">Modifications de conception<\/td>\n<td width=\"87\">Rapide et rentable<\/td>\n<td width=\"100\">Tr\u00e8s co\u00fbteux et long<\/td>\n<td width=\"96\">Rapide et rentable<\/td>\n<td width=\"106\">Rapide et rentable<\/td>\n<td width=\"84\">Rapide et rentable<\/td>\n<td width=\"101\">Rapide et rentable<\/td>\n<\/tr>\n<tr>\n<td width=\"95\">D\u00e9lai d\u2019ex\u00e9cution<\/td>\n<td width=\"87\">&lt; 24-48 heures<\/td>\n<td width=\"100\">Plusieurs semaines<\/td>\n<td width=\"96\">Plusieurs jours<\/td>\n<td width=\"106\">48 heures<\/td>\n<td width=\"84\">48 heures<\/td>\n<td width=\"101\">48 heures<\/td>\n<\/tr>\n<tr>\n<td width=\"95\">Duret\u00e9<\/td>\n<td width=\"87\">Aucun<\/td>\n<td width=\"100\">Probl\u00e8mes avec les m\u00e9taux mous et fragiles<\/td>\n<td width=\"96\">Limit\u00e9<\/td>\n<td width=\"106\">Duret\u00e9 limit\u00e9e<\/td>\n<td width=\"84\">Aucun<\/td>\n<td width=\"101\">Duret\u00e9 limit\u00e9e<\/td>\n<\/tr>\n<tr>\n<td width=\"95\">Tol\u00e9rances<\/p>\n<p>(% de l\u2019\u00e9paisseur du mat\u00e9riau)<\/td>\n<td width=\"87\">\u00b1 10%<\/td>\n<td width=\"100\">\u00b1 10%<\/td>\n<td width=\"96\">\u00b1 5%<\/td>\n<td width=\"106\">\u00b1 10%<\/td>\n<td width=\"84\">\u00b1 5%<\/td>\n<td width=\"101\">\u00b1 15%<\/td>\n<\/tr>\n<\/tbody>\n<\/table>\n[\/vc_column_text][\/vc_column][\/vc_row]\n","protected":false},"excerpt":{"rendered":"<p>[vc_row type=\u00a0\u00bbcontainer\u00a0\u00bb full_screen_row_position=\u00a0\u00bbmiddle\u00a0\u00bb column_margin=\u00a0\u00bbdefault\u00a0\u00bb column_direction=\u00a0\u00bbdefault\u00a0\u00bb column_direction_tablet=\u00a0\u00bbdefault\u00a0\u00bb column_direction_phone=\u00a0\u00bbdefault\u00a0\u00bb scene_position=\u00a0\u00bbcenter\u00a0\u00bb text_color=\u00a0\u00bbdark\u00a0\u00bb text_align=\u00a0\u00bbleft\u00a0\u00bb row_border_radius=\u00a0\u00bbnone\u00a0\u00bb row_border_radius_applies=\u00a0\u00bbbg\u00a0\u00bb overlay_strength=\u00a0\u00bb0.3&Prime; gradient_direction=\u00a0\u00bbleft_to_right\u00a0\u00bb shape_divider_position=\u00a0\u00bbbottom\u00a0\u00bb&#8230;<\/p>\n","protected":false},"author":1,"featured_media":0,"parent":84342,"menu_order":0,"comment_status":"closed","ping_status":"closed","template":"","meta":{"_acf_changed":false,"inline_featured_image":false,"footnotes":""},"class_list":["post-84350","page","type-page","status-publish"],"acf":[],"yoast_head":"<!-- This site is optimized with the Yoast SEO Premium plugin v25.5 (Yoast SEO v25.6) - https:\/\/yoast.com\/wordpress\/plugins\/seo\/ -->\n<title>Comparaison de la coupe des m\u00e9taux - Shimifrez<\/title>\n<meta name=\"robots\" content=\"index, follow, max-snippet:-1, max-image-preview:large, max-video-preview:-1\" \/>\n<link rel=\"canonical\" href=\"https:\/\/www.shimifrez.com\/fr\/services\/comparaison-de-la-coupe-des-metaux\" \/>\n<meta property=\"og:locale\" content=\"fr_FR\" \/>\n<meta property=\"og:type\" content=\"article\" \/>\n<meta property=\"og:title\" content=\"Comparaison de la coupe des m\u00e9taux\" \/>\n<meta property=\"og:description\" content=\"[vc_row type=\u00a0\u00bbcontainer\u00a0\u00bb full_screen_row_position=\u00a0\u00bbmiddle\u00a0\u00bb column_margin=\u00a0\u00bbdefault\u00a0\u00bb column_direction=\u00a0\u00bbdefault\u00a0\u00bb column_direction_tablet=\u00a0\u00bbdefault\u00a0\u00bb column_direction_phone=\u00a0\u00bbdefault\u00a0\u00bb scene_position=\u00a0\u00bbcenter\u00a0\u00bb text_color=\u00a0\u00bbdark\u00a0\u00bb text_align=\u00a0\u00bbleft\u00a0\u00bb row_border_radius=\u00a0\u00bbnone\u00a0\u00bb row_border_radius_applies=\u00a0\u00bbbg\u00a0\u00bb overlay_strength=\u00a0\u00bb0.3&Prime; gradient_direction=\u00a0\u00bbleft_to_right\u00a0\u00bb shape_divider_position=\u00a0\u00bbbottom\u00a0\u00bb...\" \/>\n<meta property=\"og:url\" content=\"https:\/\/www.shimifrez.com\/fr\/services\/comparaison-de-la-coupe-des-metaux\" \/>\n<meta property=\"og:site_name\" content=\"Shimifrez\" \/>\n<meta property=\"article:publisher\" content=\"https:\/\/www.facebook.com\/Shimifrez-156703264354008\/\" \/>\n<meta property=\"article:modified_time\" content=\"2022-01-05T01:58:52+00:00\" \/>\n<meta name=\"twitter:card\" content=\"summary_large_image\" \/>\n<meta name=\"twitter:site\" content=\"@shimifrez\" \/>\n<meta name=\"twitter:label1\" content=\"Dur\u00e9e de lecture estim\u00e9e\" \/>\n\t<meta name=\"twitter:data1\" content=\"2 minutes\" \/>\n<script type=\"application\/ld+json\" class=\"yoast-schema-graph\">{\"@context\":\"https:\/\/schema.org\",\"@graph\":[{\"@type\":\"WebPage\",\"@id\":\"https:\/\/www.shimifrez.com\/fr\/services\/comparaison-de-la-coupe-des-metaux\",\"url\":\"https:\/\/www.shimifrez.com\/fr\/services\/comparaison-de-la-coupe-des-metaux\",\"name\":\"Comparaison de la coupe des m\u00e9taux - Shimifrez\",\"isPartOf\":{\"@id\":\"https:\/\/www.shimifrez.com\/#website\"},\"datePublished\":\"2021-12-17T00:27:04+00:00\",\"dateModified\":\"2022-01-05T01:58:52+00:00\",\"breadcrumb\":{\"@id\":\"https:\/\/www.shimifrez.com\/fr\/services\/comparaison-de-la-coupe-des-metaux#breadcrumb\"},\"inLanguage\":\"fr-FR\",\"potentialAction\":[{\"@type\":\"ReadAction\",\"target\":[\"https:\/\/www.shimifrez.com\/fr\/services\/comparaison-de-la-coupe-des-metaux\"]}]},{\"@type\":\"BreadcrumbList\",\"@id\":\"https:\/\/www.shimifrez.com\/fr\/services\/comparaison-de-la-coupe-des-metaux#breadcrumb\",\"itemListElement\":[{\"@type\":\"ListItem\",\"position\":1,\"name\":\"Home\",\"item\":\"https:\/\/www.shimifrez.com\/fr\"},{\"@type\":\"ListItem\",\"position\":2,\"name\":\"Services\",\"item\":\"https:\/\/www.shimifrez.com\/fr\/services\"},{\"@type\":\"ListItem\",\"position\":3,\"name\":\"Comparaison de la coupe des m\u00e9taux\"}]},{\"@type\":\"WebSite\",\"@id\":\"https:\/\/www.shimifrez.com\/#website\",\"url\":\"https:\/\/www.shimifrez.com\/\",\"name\":\"Shimifrez\",\"description\":\"Precision Photo Chemical Etching &amp; Electroforming\",\"publisher\":{\"@id\":\"https:\/\/www.shimifrez.com\/#organization\"},\"potentialAction\":[{\"@type\":\"SearchAction\",\"target\":{\"@type\":\"EntryPoint\",\"urlTemplate\":\"https:\/\/www.shimifrez.com\/?s={search_term_string}\"},\"query-input\":{\"@type\":\"PropertyValueSpecification\",\"valueRequired\":true,\"valueName\":\"search_term_string\"}}],\"inLanguage\":\"fr-FR\"},{\"@type\":\"Organization\",\"@id\":\"https:\/\/www.shimifrez.com\/#organization\",\"name\":\"Shimifrez\",\"url\":\"https:\/\/www.shimifrez.com\/\",\"logo\":{\"@type\":\"ImageObject\",\"inLanguage\":\"fr-FR\",\"@id\":\"https:\/\/www.shimifrez.com\/#\/schema\/logo\/image\/\",\"url\":\"https:\/\/www.shimifrez.com\/wp-content\/uploads\/2020\/08\/shimifrez-logo@2x.png\",\"contentUrl\":\"https:\/\/www.shimifrez.com\/wp-content\/uploads\/2020\/08\/shimifrez-logo@2x.png\",\"width\":490,\"height\":140,\"caption\":\"Shimifrez\"},\"image\":{\"@id\":\"https:\/\/www.shimifrez.com\/#\/schema\/logo\/image\/\"},\"sameAs\":[\"https:\/\/www.facebook.com\/Shimifrez-156703264354008\/\",\"https:\/\/x.com\/shimifrez\",\"https:\/\/www.linkedin.com\/company\/shimifrez?trk=top_nav_home\"]}]}<\/script>\n<!-- \/ Yoast SEO Premium plugin. -->","yoast_head_json":{"title":"Comparaison de la coupe des m\u00e9taux - Shimifrez","robots":{"index":"index","follow":"follow","max-snippet":"max-snippet:-1","max-image-preview":"max-image-preview:large","max-video-preview":"max-video-preview:-1"},"canonical":"https:\/\/www.shimifrez.com\/fr\/services\/comparaison-de-la-coupe-des-metaux","og_locale":"fr_FR","og_type":"article","og_title":"Comparaison de la coupe des m\u00e9taux","og_description":"[vc_row type=\u00a0\u00bbcontainer\u00a0\u00bb full_screen_row_position=\u00a0\u00bbmiddle\u00a0\u00bb column_margin=\u00a0\u00bbdefault\u00a0\u00bb column_direction=\u00a0\u00bbdefault\u00a0\u00bb column_direction_tablet=\u00a0\u00bbdefault\u00a0\u00bb column_direction_phone=\u00a0\u00bbdefault\u00a0\u00bb scene_position=\u00a0\u00bbcenter\u00a0\u00bb text_color=\u00a0\u00bbdark\u00a0\u00bb text_align=\u00a0\u00bbleft\u00a0\u00bb row_border_radius=\u00a0\u00bbnone\u00a0\u00bb row_border_radius_applies=\u00a0\u00bbbg\u00a0\u00bb overlay_strength=\u00a0\u00bb0.3&Prime; gradient_direction=\u00a0\u00bbleft_to_right\u00a0\u00bb shape_divider_position=\u00a0\u00bbbottom\u00a0\u00bb...","og_url":"https:\/\/www.shimifrez.com\/fr\/services\/comparaison-de-la-coupe-des-metaux","og_site_name":"Shimifrez","article_publisher":"https:\/\/www.facebook.com\/Shimifrez-156703264354008\/","article_modified_time":"2022-01-05T01:58:52+00:00","twitter_card":"summary_large_image","twitter_site":"@shimifrez","twitter_misc":{"Dur\u00e9e de lecture estim\u00e9e":"2 minutes"},"schema":{"@context":"https:\/\/schema.org","@graph":[{"@type":"WebPage","@id":"https:\/\/www.shimifrez.com\/fr\/services\/comparaison-de-la-coupe-des-metaux","url":"https:\/\/www.shimifrez.com\/fr\/services\/comparaison-de-la-coupe-des-metaux","name":"Comparaison de la coupe des m\u00e9taux - Shimifrez","isPartOf":{"@id":"https:\/\/www.shimifrez.com\/#website"},"datePublished":"2021-12-17T00:27:04+00:00","dateModified":"2022-01-05T01:58:52+00:00","breadcrumb":{"@id":"https:\/\/www.shimifrez.com\/fr\/services\/comparaison-de-la-coupe-des-metaux#breadcrumb"},"inLanguage":"fr-FR","potentialAction":[{"@type":"ReadAction","target":["https:\/\/www.shimifrez.com\/fr\/services\/comparaison-de-la-coupe-des-metaux"]}]},{"@type":"BreadcrumbList","@id":"https:\/\/www.shimifrez.com\/fr\/services\/comparaison-de-la-coupe-des-metaux#breadcrumb","itemListElement":[{"@type":"ListItem","position":1,"name":"Home","item":"https:\/\/www.shimifrez.com\/fr"},{"@type":"ListItem","position":2,"name":"Services","item":"https:\/\/www.shimifrez.com\/fr\/services"},{"@type":"ListItem","position":3,"name":"Comparaison de la coupe des m\u00e9taux"}]},{"@type":"WebSite","@id":"https:\/\/www.shimifrez.com\/#website","url":"https:\/\/www.shimifrez.com\/","name":"Shimifrez","description":"Precision Photo Chemical Etching &amp; Electroforming","publisher":{"@id":"https:\/\/www.shimifrez.com\/#organization"},"potentialAction":[{"@type":"SearchAction","target":{"@type":"EntryPoint","urlTemplate":"https:\/\/www.shimifrez.com\/?s={search_term_string}"},"query-input":{"@type":"PropertyValueSpecification","valueRequired":true,"valueName":"search_term_string"}}],"inLanguage":"fr-FR"},{"@type":"Organization","@id":"https:\/\/www.shimifrez.com\/#organization","name":"Shimifrez","url":"https:\/\/www.shimifrez.com\/","logo":{"@type":"ImageObject","inLanguage":"fr-FR","@id":"https:\/\/www.shimifrez.com\/#\/schema\/logo\/image\/","url":"https:\/\/www.shimifrez.com\/wp-content\/uploads\/2020\/08\/shimifrez-logo@2x.png","contentUrl":"https:\/\/www.shimifrez.com\/wp-content\/uploads\/2020\/08\/shimifrez-logo@2x.png","width":490,"height":140,"caption":"Shimifrez"},"image":{"@id":"https:\/\/www.shimifrez.com\/#\/schema\/logo\/image\/"},"sameAs":["https:\/\/www.facebook.com\/Shimifrez-156703264354008\/","https:\/\/x.com\/shimifrez","https:\/\/www.linkedin.com\/company\/shimifrez?trk=top_nav_home"]}]}},"_links":{"self":[{"href":"https:\/\/www.shimifrez.com\/fr\/wp-json\/wp\/v2\/pages\/84350","targetHints":{"allow":["GET"]}}],"collection":[{"href":"https:\/\/www.shimifrez.com\/fr\/wp-json\/wp\/v2\/pages"}],"about":[{"href":"https:\/\/www.shimifrez.com\/fr\/wp-json\/wp\/v2\/types\/page"}],"author":[{"embeddable":true,"href":"https:\/\/www.shimifrez.com\/fr\/wp-json\/wp\/v2\/users\/1"}],"replies":[{"embeddable":true,"href":"https:\/\/www.shimifrez.com\/fr\/wp-json\/wp\/v2\/comments?post=84350"}],"version-history":[{"count":2,"href":"https:\/\/www.shimifrez.com\/fr\/wp-json\/wp\/v2\/pages\/84350\/revisions"}],"predecessor-version":[{"id":84561,"href":"https:\/\/www.shimifrez.com\/fr\/wp-json\/wp\/v2\/pages\/84350\/revisions\/84561"}],"up":[{"embeddable":true,"href":"https:\/\/www.shimifrez.com\/fr\/wp-json\/wp\/v2\/pages\/84342"}],"wp:attachment":[{"href":"https:\/\/www.shimifrez.com\/fr\/wp-json\/wp\/v2\/media?parent=84350"}],"curies":[{"name":"wp","href":"https:\/\/api.w.org\/{rel}","templated":true}]}}